{"id":310,"date":"2015-04-15T08:53:12","date_gmt":"2015-04-15T08:53:12","guid":{"rendered":"http:\/\/www.delunafirm.com\/inmigracion-basada-en-empleo\/"},"modified":"2020-10-15T14:12:07","modified_gmt":"2020-10-15T14:12:07","slug":"inmigracion-basada-en-empleo","status":"publish","type":"page","link":"https:\/\/www.delunafirm.com\/es\/inmigracion\/inmigracion-basada-en-empleo\/","title":{"rendered":"Inmigraci\u00f3n Basada en Empleo"},"content":{"rendered":"<div class=\"fusion-fullwidth fullwidth-box fusion-builder-row-1 fusion-flex-container nonhundred-percent-fullwidth non-hundred-percent-height-scrolling\" style=\"background-color: rgba(255,255,255,0);background-position: center center;background-repeat: no-repeat;border-width: 0px 0px 0px 0px;border-color:#eae9e9;border-style:solid;\" ><div class=\"fusion-builder-row fusion-row fusion-flex-align-items-flex-start\" style=\"max-width:1144px;margin-left: calc(-4% \/ 2 );margin-right: calc(-4% \/ 2 );\"><div class=\"fusion-layout-column fusion_builder_column fusion-builder-column-0 fusion_builder_column_1_2 1_2 fusion-flex-column\"><div class=\"fusion-column-wrapper fusion-flex-justify-content-flex-start fusion-content-layout-column\" style=\"background-position:left top;background-repeat:no-repeat;-webkit-background-size:cover;-moz-background-size:cover;-o-background-size:cover;background-size:cover;padding: 0px 0px 0px 0px;\"><div class=\"fusion-text fusion-text-1\"><h1>Visas de no inmigrante (Empleo Temporal)<\/h1>\n<p><b>H-1B VISA<\/b>: Individuos con titulo universitario, o su equivalente en una ocupaci\u00f3n de especialidad, la cual requiera la aplicaci\u00f3n te\u00f3rica y pr\u00e1ctica de un cuerpo de conocimiento altamente especializado.<\/p>\n<p><b>H-2B VISA<\/b>: Individuos que vengan temporalmente a los Estados Unidos para realizar servicios o mano de obra temporal no agricola.<\/p>\n<p><b>H-3 VISA<\/b>: Nacionales extranjeros que buscan recibir entrenamiento que no est\u00e1 disponible en su pais.<\/p>\n<p><b>J-1 VISA<\/b>: M\u00e9dicos o graduados de medicina extranjeros que desean buscar graduarse en educaci\u00f3n o entrenamiento m\u00e9dico,en escuelas acreditadas de medicina o instituciones ci\u00e9nt\u00edficas; Expertos en investigaci\u00f3n para ense\u00f1ar, conducir investigaci\u00f3n, observar, o consultar en proyectos de investigaci\u00f3n; Estudiantes extranjeros participando en programas de intercambio para promover el compartir conocimiento y destrezas en educaci\u00f3n, artes y ciencias; Au Pairs para vivir con una familia americana anfitriona. Nacionales extranjeros para procurar negocios y programas de entrenamiento industrial en los Estados Unidos. Empleados de agencias de comunicaci\u00f3n internacionales; asistentes de investigaci\u00f3n patrocinados por el instituto nacional de salud. Nacionales extranjeros para servir como consejeros en campamentos de verano en los Estados Unidos. Nacionales extranjeros para obtener titulos acad\u00e9micos adicionales o ganar experiencia pr\u00e1ctica\/entrenamiento en una \u00e1rea espec\u00edfica de conocimiento o pericia; organizaciones estadounidenses autorizadas por el Departamento de Estado para patrocinar a nacionales extranjeros para entrenamiento; Nacionales extranjeros que son reconocidos como lideres potenciales o expertos para ser contratados en tours de observaci\u00f3n, discusiones, consultas, reuniones profesionales, y entrenamiento.<\/p>\n<p><b>J-2 VISA<\/b>: C\u00f3nyuge e hijos de un poseedor de visa J-1 que desean acompa\u00f1ar al estudiante nacional extranjero, y para c\u00f3nyuge e hijos de un poseedor de visa J-1 que desean visitar al visitante de intercambio en los Estados Unidos.<\/p>\n<p><b>L VISA<\/b>: Transferidos intracompa\u00f1ia quienes, dentro de los tres a\u00f1os anteriores, han sido empleados en el extranjero de continuo por un a\u00f1o por una sucursal, matriz, filial o subsidiaria de un empleador en los Estados Unidos en una capacidad gerencial, ejecutiva o de conocimiento especializado, y quien viene a los Estados Unidos para trabajar para una compa\u00f1\u00eda relacionada en una posici\u00f3n como ejecutivo, gerente o de conocimiento especializado.<\/p>\n<p><b>TN VISA<\/b>: Ciudadanos canadienses o mexicanos quienes procuran admisi\u00f3n en los Estados Unidos para participar en ciertas acitividades especificas a un nivel profesional enlistadas en el tratado del Libre Comercio Norte Americano (NAFTA).<\/p>\n<p><b>E-1\/E-2 VISA<\/b>: Individuos contratados, o inversionistas o empleados de una compa\u00f1\u00eda que califica como inversionista o identidad de comercio, puede obtener visas para trabajar basado en tratado de amistad, comercio y navegaci\u00f3n entre los Estados Unidos y el pais del cual el individuo es un nacional.<\/p>\n<p><b>E-3 VISA<\/b>: Australianos en una ocupaci\u00f3n de especialidad. Profesionales extranjeros de Australia buscando empleo temporal. Empleos que requieren una licenciatura y destrezas especializadas.<\/p>\n<p><b>O-1 VISA<\/b>: Personas de habilidad extraordinaria en las ciencias, artes, educaci\u00f3n, negocios o atletismo, o de logros extraordinarios en el campo cinematogr\u00e1fico y de televisi\u00f3n.<\/p>\n<p><b>O-2 VISA<\/b>: Disponible para el personal esencial de soporte para los poseedores de O-1 Visa.<\/p>\n<p><b>P-1\/P-3 VISA<\/b>: P-1 visa est\u00e1 disponible para atletas y grupos de entretenimiento internacionalmente conocidos. P-3 visa est\u00e1 disponible para artistas y entretenedores culturalmente \u00fanicos.<\/p>\n<p><b>P-2 VISA<\/b>: Disponible para agents y corporaciones de Estados Unidos para traer artistas y entretenedores bajo un programa de intercambio rec\u00edproco para recorrer los Estados Unidos o participar en eventos. Tropas de entretenimiento o bandas entrando a los Estados Unidos a trav\u00e9s de un programa de intercambio rec\u00edproco reconocido por el gobierno. Artistas entrando a los Estados Unidos a traves de un programa de intercambio reconocido por el gobierno. Personal de soporte de poseedores de visa P-2.<\/p>\n<p><b>Q-1 VISA<\/b>: Disponible para nacionales extranjeros entrando a los Estados Unidos a trav\u00e9s de un programa de intercambio para emprender empleo o entrenamiento pr\u00e1ctico, el cual est\u00e1 directamente relacionado al compartir de cultura e historia de su pais de origen; nacionales extranjeros quienes estan entrando a los Estados Unidos a trav\u00e9s de un programa de intercambio cultural internacional para compartir y promover historia, cultura y tradiciones de su pais de origen.<\/p>\n<p><b>Q-2 VISA<\/b>: Visa apropiada para compa\u00f1ias para contratar hombres y mujeres Irlandeses para trabajar en las \u00e1reas designadas: Hospitalidad y turismo, servicio al cliente, informaci\u00f3n y tecnologia de comunicaciones, farmece\u00fatica, ingenieria, ventas, mercadotecnia y promoci\u00f3n de muebles. Hombres y mujeres Irlandes entre 18 y 35 a\u00f1os de edad, quienes son residentes de Irlanda del Norte o Donega, Cavan, Monaghan, Louth, Sligo, y Leitrim en la Republica de Irlanda.<\/p>\n<p><b>R-1 VISA<\/b>: Organizaciones religiosas no lucrativas en los Estados Unidos para emplear trabajadores religiosos extranjeros para trabajar en voaciones religiosas tales como trabajadores lit\u00fargicos, instructores religiosos o cantores, catequistas, misioneros, traductores religiosos, o locutores religiosos. Miembros de grupo o comunidad religiosa teniendo una buena fe no lucrativa, organizaci\u00f3n religiosa en los Estados Unidos. Nacionales extranjeros viniendo a los Estados Unidos a trabajar solamente como el ministro de un grupo religioso o comunidad.<\/p>\n<p><b>TN VISA (Canada-NAFTA profesional)<\/b>: Compa\u00f1ias canadienses para transferir empleados de su matriz, sucursal, subsidiaria o filial de los Estados Unidos sin el requerimiento de un a\u00f1o de empleo for\u00e1neo en el caso de la visa L-1. Personal m\u00e9dico y aliado de Canada incluyendo dentistas, dietistas, tecnologistas de laboratorio, nutricionistas, farmace\u00fatico, terapista fisico, sic\u00f3logo, enfermeras registradas y veterinarios. Compa\u00f1ias estadounidenses para traer a los Estados Unidos profesionales canadienses cualificados para trabajos que requieran un titulo universitario o destrezas especializadas. Ciudadanos canadienses con un titulo universitario y una oferta de trabajo de una compa\u00f1ia estadounidense. Ciudadanos canadienses en ocupaciones especializadas, tales como cientificos, ingenieros, programadores, asistentes de investigaci\u00f3n, consultores de gerencia, trabajadores sociales, y contadores.<\/p>\n<p><b>TN VISA (Mexico \u2013 NAFTA Profesional)<\/b>: Es aplicable para ciudadanos mexicanos con un titulo universitario y una oferta de trabajo de una compa\u00f1ia estadounidense; para compa\u00f1ias estadounidenses que quieran traer a profesionales cualificados para empleos que requieran un titulo universitario o destrezas especializadas para los trabajos ofrecidos; para ciudadanos mexicanos en ocupaciones especializados, tales como cientificos, ingenieros, programadores, asistentes de investigacion, consultores gerenciales, trabajadores sociales, y para contadores; compa\u00f1ias mexicanas para transferir empleados a su matriz en los Estados Unidos, sucursal, subsidiaria o filial sin el requerimiento de un a\u00f1o de trabajo en el extranjero, en el caso de poseedores de L-1 visa. Personal mexicano m\u00e9dico y aliado incluyendo dietistas, dentistas, tecnologistas de laboratorios, nutricionistas, farmace\u00faticos, terapistas fisicos, sic\u00f3logos, enfermeras registradas y veterinarios.<\/p>\n<p><b>PROCESO CONSULAR<\/b>:<br \/>\nEs aplicable para nacionales extranjeros que apliquen para una visa de noinmigrante en la Embajada o Consulado estadounidense; para profesionales extranjeros que apliquen por visas de trabajo temporales tales como L-1, E-1, E-2, H-1B, H-2A, H-2B, H-3, O-1, O-2, P-1, P-2, P-3, Q-1, Q-2, R-1 y TN; para dependientes que apliquen por visas de noinmigrantes tales como E-1, E-2, H-4, O-3, P-4, Q-3, R-2 and TD; para comerciantes e inversionistas de tratado, y los miembros de su familia inmediata procurando una E visa; apropiada para oficiales diplomaticos de gobierno extranjero, miembros de su familia inmediata y para empleados buscando una A visa; Visitantes temporales para negocios o placer, buscando una visa [B-1, B-2].<\/p>\n<\/div><\/div><\/div><style type=\"text\/css\">.fusion-body .fusion-builder-column-0{width:50% !important;margin-top : 0px;margin-bottom : 0px;}.fusion-builder-column-0 > .fusion-column-wrapper {padding-top : 0px !important;padding-right : 0px !important;margin-right : 3.84%;padding-bottom : 0px !important;padding-left : 0px !important;margin-left : 3.84%;}@media only screen and (max-width:1024px) {.fusion-body .fusion-builder-column-0{width:50% !important;}.fusion-builder-column-0 > .fusion-column-wrapper {margin-right : 3.84%;margin-left : 3.84%;}}@media only screen and (max-width:640px) {.fusion-body .fusion-builder-column-0{width:100% !important;}.fusion-builder-column-0 > .fusion-column-wrapper {margin-right : 1.92%;margin-left : 1.92%;}}<\/style><div class=\"fusion-layout-column fusion_builder_column fusion-builder-column-1 fusion_builder_column_1_2 1_2 fusion-flex-column\"><div class=\"fusion-column-wrapper fusion-flex-justify-content-flex-start fusion-content-layout-column\" style=\"background-position:left top;background-repeat:no-repeat;-webkit-background-size:cover;-moz-background-size:cover;-o-background-size:cover;background-size:cover;padding: 0px 0px 0px 0px;\"><div class=\"fusion-text fusion-text-2\"><h1>Visas de Inmigrante para Trabajadores extranjeros<\/h1>\n<p><strong>EB-1<\/strong>: Trabajadores prioritarios: nacionales extranjeros con habilidad extraordinaria en las ciencias, artes, educaci\u00f3n, negocios o atletismo; nacionales extranjeros que son sobresalientes investigadores o profesores; o nacionales extranjeros que son gerentes oy ejecutivos de una entidad multinacional con oficinas en los Estados Unidos.<\/p>\n<p><strong>EB-2<\/strong>: PROFESIONALES CON TITULOS AVANZADOS O PERSONA CON HABILIDAD EXCEPCIONAL: Nacionales extranjeros de habilidad en las ciencias, artes o negocios, o nacionales extranjeros que son profesionales con titulos avanzados.<\/p>\n<p><strong>EB-3<\/strong>: Trabajadores especializados o profesionales: Profesionales con titulo universitario, trabajadores especializados (minimo dos a\u00f1os de entrenamiento o experiencia requerida para posici\u00f3n); o trabajadores no especializados.<\/p>\n<p><strong>CERTIFICACION DE TRABAJO \/ PERM<\/strong>: Una persona cuya ocupaci\u00f3n requiera una certificaci\u00f3n de trabajo. Debe tener una oferta de empleo de tiempo completo permanente en los Estados Unidos. Individuos buscando residencia permanente basada en empleo bajo las categorias de titulo profesional avanzado, trabajador especializado, profesionales sin titulos avanzados, y todos los otros trabajadores incluyendo trabajadores no especializados deben primero obtener una certificaci\u00f3n de trabajo por el Departamento del Trabajo. El proceso de certificaci\u00f3n de trabajo requiere que el aplicante muestre que:<\/p>\n<ul>\n<li>Trabajadores estadounidenses cualificados no pueden encontrarse al tiempo de presentar la aplicaci\u00f3n y en el \u00e1rea de empleo deseado quienes est\u00e1n disponibles, voluntarios, y capaces de llenar la posici\u00f3n siendo ofrecida al aplicante; y<\/li>\n<li>Empleo del aplicante no afectar\u00e1 adversamente los salarios y condiciones de trabajo de trabajadores estadounidenses similarmente empleados. Otras maneras de evitar el largo tiempo del proceso de una certificaci\u00f3n de trabajo es aplicar bajo una de las clasificaciones de inmigrante que sean exentas de los requerimientos tales como individuos de habilidad extraordinaria, individuos con habilidad excepcional cuyo trabajo sea en el inter\u00e9s nacional o ejecutivos o gerentes multinacionales.<\/li>\n<\/ul>\n<p><b>REPRESENTACION LEGAL DE INMIGRACION<\/b>: Nuestra oficina puede conveniente y eficientemente representar clientes localizados en cualquier parte de Los Estados Unidos o en el extranjero en asuntos de inmigracion de Los Estados Unidos. Tal representaci\u00f3n es posible porque la ley de inmigraci\u00f3n es puramente federal en naturaleza, y debido a los recursos y tecnologia que empleamos.<\/p>\n<\/div><\/div><\/div><style type=\"text\/css\">.fusion-body .fusion-builder-column-1{width:50% !important;margin-top : 0px;margin-bottom : 0px;}.fusion-builder-column-1 > .fusion-column-wrapper {padding-top : 0px !important;padding-right : 0px !important;margin-right : 3.84%;padding-bottom : 0px !important;padding-left : 0px !important;margin-left : 3.84%;}@media only screen and (max-width:1024px) {.fusion-body .fusion-builder-column-1{width:50% !important;}.fusion-builder-column-1 > .fusion-column-wrapper {margin-right : 3.84%;margin-left : 3.84%;}}@media only screen and (max-width:640px) {.fusion-body .fusion-builder-column-1{width:100% !important;}.fusion-builder-column-1 > .fusion-column-wrapper {margin-right : 1.92%;margin-left : 1.92%;}}<\/style><\/div><style type=\"text\/css\">.fusion-body .fusion-flex-container.fusion-builder-row-1{ padding-top : 0px;margin-top : 0px;padding-right : 0px;padding-bottom : 0px;margin-bottom : 0px;padding-left : 0px;}<\/style><\/div>\n","protected":false},"excerpt":{"rendered":"","protected":false},"author":1,"featured_media":0,"parent":306,"menu_order":0,"comment_status":"open","ping_status":"open","template":"","meta":[],"_links":{"self":[{"href":"https:\/\/www.delunafirm.com\/es\/wp-json\/wp\/v2\/pages\/310"}],"collection":[{"href":"https:\/\/www.delunafirm.com\/es\/wp-json\/wp\/v2\/pages"}],"about":[{"href":"https:\/\/www.delunafirm.com\/es\/wp-json\/wp\/v2\/types\/page"}],"author":[{"embeddable":true,"href":"https:\/\/www.delunafirm.com\/es\/wp-json\/wp\/v2\/users\/1"}],"replies":[{"embeddable":true,"href":"https:\/\/www.delunafirm.com\/es\/wp-json\/wp\/v2\/comments?post=310"}],"version-history":[{"count":4,"href":"https:\/\/www.delunafirm.com\/es\/wp-json\/wp\/v2\/pages\/310\/revisions"}],"predecessor-version":[{"id":348,"href":"https:\/\/www.delunafirm.com\/es\/wp-json\/wp\/v2\/pages\/310\/revisions\/348"}],"up":[{"embeddable":true,"href":"https:\/\/www.delunafirm.com\/es\/wp-json\/wp\/v2\/pages\/306"}],"wp:attachment":[{"href":"https:\/\/www.delunafirm.com\/es\/wp-json\/wp\/v2\/media?parent=310"}],"curies":[{"name":"wp","href":"https:\/\/api.w.org\/{rel}","templated":true}]}}