{"id":329,"date":"2015-04-21T04:47:46","date_gmt":"2015-04-21T04:47:46","guid":{"rendered":"http:\/\/www.delunafirm.com\/mas\/"},"modified":"2020-10-15T15:36:43","modified_gmt":"2020-10-15T15:36:43","slug":"mas","status":"publish","type":"page","link":"https:\/\/www.delunafirm.com\/es\/inmigracion\/mas\/","title":{"rendered":"VAWA &#8211; Abuso Dom\u00e9stico"},"content":{"rendered":"<div class=\"fusion-fullwidth fullwidth-box fusion-builder-row-1 fusion-flex-container nonhundred-percent-fullwidth non-hundred-percent-height-scrolling\" style=\"background-color: rgba(255,255,255,0);background-position: center center;background-repeat: no-repeat;border-width: 0px 0px 0px 0px;border-color:#eae9e9;border-style:solid;\" ><div class=\"fusion-builder-row fusion-row fusion-flex-align-items-flex-start\" style=\"max-width:1144px;margin-left: calc(-4% \/ 2 );margin-right: calc(-4% \/ 2 );\"><div class=\"fusion-layout-column fusion_builder_column fusion-builder-column-0 fusion_builder_column_1_3 1_3 fusion-flex-column\"><div class=\"fusion-column-wrapper fusion-flex-justify-content-flex-start fusion-content-layout-column\" style=\"background-position:left top;background-repeat:no-repeat;-webkit-background-size:cover;-moz-background-size:cover;-o-background-size:cover;background-size:cover;padding: 0px 0px 0px 0px;\"><div class=\"fusion-text fusion-text-1\"><p><img class=\"alignnone size-full wp-image-370\" src=\"https:\/\/www.delunafirm.com\/wp-content\/uploads\/2020\/10\/VAWA-photo-for-website.jpg\" alt=\"\" width=\"1280\" height=\"1280\" srcset=\"https:\/\/www.delunafirm.com\/wp-content\/uploads\/2020\/10\/VAWA-photo-for-website-66x66.jpg 66w, https:\/\/www.delunafirm.com\/wp-content\/uploads\/2020\/10\/VAWA-photo-for-website-150x150.jpg 150w, https:\/\/www.delunafirm.com\/wp-content\/uploads\/2020\/10\/VAWA-photo-for-website-200x200.jpg 200w, https:\/\/www.delunafirm.com\/wp-content\/uploads\/2020\/10\/VAWA-photo-for-website-300x300.jpg 300w, https:\/\/www.delunafirm.com\/wp-content\/uploads\/2020\/10\/VAWA-photo-for-website-400x400.jpg 400w, https:\/\/www.delunafirm.com\/wp-content\/uploads\/2020\/10\/VAWA-photo-for-website-600x600.jpg 600w, https:\/\/www.delunafirm.com\/wp-content\/uploads\/2020\/10\/VAWA-photo-for-website-768x768.jpg 768w, https:\/\/www.delunafirm.com\/wp-content\/uploads\/2020\/10\/VAWA-photo-for-website-800x800.jpg 800w, https:\/\/www.delunafirm.com\/wp-content\/uploads\/2020\/10\/VAWA-photo-for-website-1024x1024.jpg 1024w, https:\/\/www.delunafirm.com\/wp-content\/uploads\/2020\/10\/VAWA-photo-for-website-1200x1200.jpg 1200w, https:\/\/www.delunafirm.com\/wp-content\/uploads\/2020\/10\/VAWA-photo-for-website.jpg 1280w\" sizes=\"(max-width: 1280px) 100vw, 1280px\" \/><\/p>\n<\/div><\/div><\/div><style type=\"text\/css\">.fusion-body .fusion-builder-column-0{width:33.333333333333% !important;margin-top : 0px;margin-bottom : 0px;}.fusion-builder-column-0 > .fusion-column-wrapper {padding-top : 0px !important;padding-right : 0px !important;margin-right : 3.84%;padding-bottom : 0px !important;padding-left : 0px !important;margin-left : 5.76%;}@media only screen and (max-width:1024px) {.fusion-body .fusion-builder-column-0{width:33.333333333333% !important;}.fusion-builder-column-0 > .fusion-column-wrapper {margin-right : 3.84%;margin-left : 5.76%;}}@media only screen and (max-width:640px) {.fusion-body .fusion-builder-column-0{width:100% !important;}.fusion-builder-column-0 > .fusion-column-wrapper {margin-right : 1.92%;margin-left : 1.92%;}}<\/style><div class=\"fusion-layout-column fusion_builder_column fusion-builder-column-1 fusion_builder_column_2_3 2_3 fusion-flex-column\"><div class=\"fusion-column-wrapper fusion-flex-justify-content-flex-start fusion-content-layout-column\" style=\"background-position:left top;background-repeat:no-repeat;-webkit-background-size:cover;-moz-background-size:cover;-o-background-size:cover;background-size:cover;padding: 0px 0px 0px 0px;\"><div class=\"fusion-text fusion-text-2\"><p><strong>VAWA &#8211; Abuso Dom\u00e9stico<\/strong><\/p>\n<p>Los inmigrantes llegan a Estados Unidos en busca de una vida mejor. Lamentablemente, algunos inmigrantes se convierten en v\u00edctimas de abuso dom\u00e9stico. Estas v\u00edctimas incluyen esposas, esposos, hijos, prometidas de ciudadanos estadounidenses abusivos y residentes legales y tambi\u00e9n padres abusados por sus hijos ciudadanos estadounidenses.<\/p>\n<p>Las v\u00edctimas que viven en una relaci\u00f3n abusiva que cumplen con ciertos requisitos, pueden ser elegibles para obtener un estatus legal o una visa si la v\u00edctima est\u00e1 fuera de los EE. UU.<\/p>\n<p>Bajo la Ley de Violencia contra la Mujer (VAWA) la victima puede solicitar este alivio de moda independiente . Si la v\u00edctima se enfrenta a la expulsi\u00f3n por alg\u00fan motivo, podr\u00eda cancelarse en funci\u00f3n de una solicitud de VAWA.<\/p>\n<p>El remedio de VAWA permite a las v\u00edctimas de violencia dom\u00e9stica escapar del abuso sin tener que preocuparse por su estatus migratorio.<\/p>\n<p>Si es v\u00edctima de abuso dom\u00e9stico y desea buscar la legalizaci\u00f3n, comun\u00edquese con nuestra oficina hoy para una consulta y determinar si califica para el remedio de VAWA.<\/p>\n<\/div><\/div><\/div><style type=\"text\/css\">.fusion-body .fusion-builder-column-1{width:66.666666666667% !important;margin-top : 0px;margin-bottom : 0px;}.fusion-builder-column-1 > .fusion-column-wrapper {padding-top : 0px !important;padding-right : 0px !important;margin-right : 2.88%;padding-bottom : 0px !important;padding-left : 0px !important;margin-left : 3.84%;}@media only screen and (max-width:1024px) {.fusion-body .fusion-builder-column-1{width:66.666666666667% !important;}.fusion-builder-column-1 > .fusion-column-wrapper {margin-right : 2.88%;margin-left : 3.84%;}}@media only screen and (max-width:640px) {.fusion-body .fusion-builder-column-1{width:100% !important;}.fusion-builder-column-1 > .fusion-column-wrapper {margin-right : 1.92%;margin-left : 1.92%;}}<\/style><\/div><style type=\"text\/css\">.fusion-body .fusion-flex-container.fusion-builder-row-1{ padding-top : 0px;margin-top : 0px;padding-right : 0px;padding-bottom : 0px;margin-bottom : 0px;padding-left : 0px;}<\/style><\/div>\n","protected":false},"excerpt":{"rendered":"","protected":false},"author":1,"featured_media":0,"parent":306,"menu_order":0,"comment_status":"open","ping_status":"open","template":"","meta":[],"_links":{"self":[{"href":"https:\/\/www.delunafirm.com\/es\/wp-json\/wp\/v2\/pages\/329"}],"collection":[{"href":"https:\/\/www.delunafirm.com\/es\/wp-json\/wp\/v2\/pages"}],"about":[{"href":"https:\/\/www.delunafirm.com\/es\/wp-json\/wp\/v2\/types\/page"}],"author":[{"embeddable":true,"href":"https:\/\/www.delunafirm.com\/es\/wp-json\/wp\/v2\/users\/1"}],"replies":[{"embeddable":true,"href":"https:\/\/www.delunafirm.com\/es\/wp-json\/wp\/v2\/comments?post=329"}],"version-history":[{"count":4,"href":"https:\/\/www.delunafirm.com\/es\/wp-json\/wp\/v2\/pages\/329\/revisions"}],"predecessor-version":[{"id":374,"href":"https:\/\/www.delunafirm.com\/es\/wp-json\/wp\/v2\/pages\/329\/revisions\/374"}],"up":[{"embeddable":true,"href":"https:\/\/www.delunafirm.com\/es\/wp-json\/wp\/v2\/pages\/306"}],"wp:attachment":[{"href":"https:\/\/www.delunafirm.com\/es\/wp-json\/wp\/v2\/media?parent=329"}],"curies":[{"name":"wp","href":"https:\/\/api.w.org\/{rel}","templated":true}]}}