{"id":390,"date":"2020-10-16T06:45:07","date_gmt":"2020-10-16T06:45:07","guid":{"rendered":"http:\/\/www.delunafirm.com\/testimonials\/"},"modified":"2020-11-20T11:04:16","modified_gmt":"2020-11-20T11:04:16","slug":"testimonials","status":"publish","type":"page","link":"https:\/\/www.delunafirm.com\/es\/testimonials\/","title":{"rendered":"Testimonios"},"content":{"rendered":"<div class=\"fusion-fullwidth fullwidth-box fusion-builder-row-1 fusion-flex-container nonhundred-percent-fullwidth non-hundred-percent-height-scrolling\" style=\"background-color: rgba(255,255,255,0);background-position: center center;background-repeat: no-repeat;border-width: 0px 0px 0px 0px;border-color:#eae9e9;border-style:solid;\" ><div class=\"fusion-builder-row fusion-row fusion-flex-align-items-flex-start\" style=\"max-width:1144px;margin-left: calc(-4% \/ 2 );margin-right: calc(-4% \/ 2 );\"><div class=\"fusion-layout-column fusion_builder_column fusion-builder-column-0 fusion_builder_column_1_1 1_1 fusion-flex-column\"><div class=\"fusion-column-wrapper fusion-flex-justify-content-flex-start fusion-content-layout-column\" style=\"background-position:left top;background-repeat:no-repeat;-webkit-background-size:cover;-moz-background-size:cover;-o-background-size:cover;background-size:cover;padding: 0px 0px 0px 0px;\"><div class=\"fusion-text fusion-text-1\"><h6><span style=\"color: #ac7608;\"><strong>Top notch, no nonsense immigration attorney<\/strong><\/span><\/h6>\n<p style=\"text-align: justify;\">Ms. De Luna is a top notch, no nonsense immigration attorney with a vast knowledge of immigration law. She is fluent in both Spanish and English and knows exactly how to navigate these murky waters. She&#8217;s without a doubt worth her weight in gold and if you&#8217;re in need one an exceptional litigator, you needn&#8217;t look any further than the De Luna Law Firm.<\/p>\n<p style=\"text-align: right;\">~ David Martinez-Sierra<\/p>\n<h6><span style=\"color: #ac7608;\"><strong>Dios la puso en mi camino!!<\/strong><\/span><\/h6>\n<p style=\"text-align: justify;\">Soy muy afortunada de haberle conocido. Despu\u00e9s de buscar y buscar abogados y que ninguno me diera una esperanza. Dios la puso en mi camino!! Y hoy le estoy agradecida por tomar mi caso y desde la primera entrevista darme la seguridad de que lo \u00edbamos a lograr!! Y as\u00ed fue!!<br \/>\nQue Dios le regrese multiplicado todo eso que usted hace con su trabajo y esfuerzo, para que muchos de los que estamos en este pa\u00eds , estemos legalmente.<\/p>\n<p style=\"text-align: right;\">~Vanessa Flores<\/p>\n<h6><span style=\"color: #ac7608;\"><strong>Best of the best!!!<\/strong><\/span><\/h6>\n<p>The absolute best of the best!!\u00a0\u00a0\u00a0\u00a0\u00a0\u00a0\u00a0\u00a0\u00a0\u00a0\u00a0\u00a0\u00a0\u00a0\u00a0\u00a0\u00a0\u00a0\u00a0\u00a0\u00a0 \u00a0\u00a0\u00a0\u00a0\u00a0\u00a0\u00a0\u00a0\u00a0\u00a0\u00a0\u00a0\u00a0\u00a0\u00a0\u00a0\u00a0\u00a0\u00a0\u00a0\u00a0\u00a0\u00a0\u00a0\u00a0\u00a0\u00a0\u00a0\u00a0\u00a0\u00a0\u00a0\u00a0\u00a0\u00a0\u00a0 ~ Kateleen Zermeno<\/p>\n<h6><span style=\"color: #ac7608;\"><strong>Ms. De Luna is a truly remarkable attorney!<\/strong><\/span><\/h6>\n<p style=\"text-align: justify;\">I&#8217;m so blessed and happy to have come across Attorney Oralia De Luna. She was extremely kind, understanding and helpful when helping me apply for a travel permit to visit my grandmother in M\u00e9xico. Being DACAmented, I had not been to my motherland in 16 years and thanks to her legal advice and assistance I was able to see it again with my own eyes. Ms. De Luna is a truly remarkable attorney who makes sure she&#8217;s personally available for her clients.I first met Oralia when she took time from her day to offer her services to people in need at a housing authority in Edinburg where I worked at the time. I was mostly impressed by how Oralia treated me since the start. Since I reached out to her, she personally took the time to meet with me, and hear my situation. Having previously worked for an attorney in the past, I know this personal treatment RARELY happens and for that she truly gained my respect. With that said, I HIGHLY recommend De Luna Law Offices for anyone pursuing legal representation in all immigration matters. Thank you so much Oralia!<\/p>\n<p style=\"text-align: right;\">~Claudia Victoria Campos<\/p>\n<h6><span style=\"color: #ac7608;\"><strong>Dios me mando a unas manos seguras!<\/strong><\/span><\/h6>\n<p style=\"text-align: justify;\">Despu\u00e9s de dudas y temores que te infunde la misma familia llegue a casa de una amiga y le coment\u00e9 mi caso,su esposo Juan Castillo sac\u00f3 la tarjeta de la abogada Oralia De Luna y me dijo \u201cella me ayud\u00f3 con mi ciudadan\u00eda no le dir\u00e9 m\u00e1s usted se dar\u00e1 cuenta de la enorme diferencia\u201d y as\u00ed fue, desde que llegamos ha estado al pendiente de mi caso y ha acelerado el proceso. Dios me mand\u00f3 a unas manos seguras y conf\u00edo plenamente que ya hay Victoria.<\/p>\n<p style=\"text-align: right;\">~ Mercedes Morales<\/p>\n<h6><span style=\"color: #ac7608;\"><strong>Me dio toda la confianza. Excelente y muy professional!<\/strong><\/span><\/h6>\n<p style=\"text-align: justify;\">Desde el primer dia que consulte con la lic. Oralia de Luna, su atencion fue excelente y muy profesional, por lo tanto me dio toda la confianza para que ella hiciera mi peticion de Residencia permanente. Durante todo mi caso su oficina estubo al pendiente de mi y me fueron guiando paso a paso y al termino de 5 meses me otorgaron mi Recidencia sin ningun problema. Estoy muy FELIZ. \u00a1\u00a1\u00a1 Gracias lic. Oralia de Luna.<\/p>\n<p style=\"text-align: right;\">~ Marcela Gonzalez<\/p>\n<h6><span style=\"color: #ac7608;\"><strong>Her professionalism and quality of work are outstanding!<\/strong><\/span><\/h6>\n<p style=\"text-align: justify;\">Attorney Oralia De Luna has represented my family in various immigration cases.<\/p>\n<p style=\"text-align: justify;\">She managed to resolve a case that other attorneys said could not be done. She knew the law, strategy and how to handle the problems involved with great results. She handled our cases aggressively, ethically, efficiently. In addition to her many skills. She has a great sense of humor and is a joy to know!<\/p>\n<p style=\"text-align: justify;\">It is not always easy to understand different cultures and people&#8217;s attitudes however, Ms\u00a0De Luna is a skilled immigration attorney who took the time, was very patient and listened to the concerns and problems and understood.<\/p>\n<p style=\"text-align: justify;\">She fought hard and got the cases approved. Her professionalism and quality of work are outstanding and performed at a cost that is reasonable and significantly less than the big law firms.I highly recommend the services of attorney De Luna and her team at De Luna Law Offices.<\/p>\n<p style=\"text-align: right;\">~ Edna Torres<\/p>\n<h6><span style=\"color: #ac7608;\"><strong>Es la mejor!<\/strong><\/span><\/h6>\n<p style=\"text-align: justify;\">Abogada muchas gracias por todo!!\u00a0\u00a0\u00a0 Estoy feliz porque hoy puedo puedo estar legal en este pais. Gracias a su gran trabajo. Dios le bendiga. \u00a0Es la mejor!<\/p>\n<p style=\"text-align: right;\">~Sonii Vasquez<\/p>\n<h6><span style=\"color: #ac7608;\"><strong>Great attorney!<\/strong><\/span><\/h6>\n<p style=\"text-align: justify;\">Great attorney. We asked lots of questions and she answered them accordingly. We were very satisfied with the way she worked with us and will use her again if we ever have too. She is very nice and was very patient with us at times. She was always available when we had questions.<\/p>\n<p style=\"text-align: right;\">~ Jessie Guartuche<\/p>\n<h6><span style=\"color: #ac7608;\"><strong>She was always available for every one of our questions and concerns!<\/strong><\/span><\/h6>\n<p style=\"text-align: justify;\">My wife and I are very grateful to Mrs. De Luna for helping us with her adjustment of status application! In addition to guiding us through the whole process and preparing us for the interview, she was always available for every one of our questions and concerns. We really appreciate her attention and help during these months.<\/p>\n<p style=\"text-align: justify;\">Definitely recommend her services to anyone seeking immigration counsel and representation! Oralia, thank you for everything!!!<\/p>\n<p style=\"text-align: right;\">~ Pablo &amp; Claudia Campos<\/p>\n<h6><span style=\"color: #ac7608;\"><strong>Excelente abogada<\/strong><\/span><\/h6>\n<p>Excelente abogada la recomiendo.\u00a0\u00a0\u00a0\u00a0\u00a0\u00a0\u00a0\u00a0\u00a0\u00a0\u00a0\u00a0\u00a0\u00a0\u00a0\u00a0\u00a0\u00a0\u00a0\u00a0\u00a0\u00a0\u00a0\u00a0\u00a0\u00a0\u00a0\u00a0\u00a0\u00a0\u00a0\u00a0\u00a0\u00a0\u00a0\u00a0\u00a0\u00a0\u00a0 \u00a0\u00a0\u00a0\u00a0\u00a0\u00a0\u00a0\u00a0\u00a0\u00a0\u00a0 ~ Eluvia Escobar<\/p>\n<h6><span style=\"color: #ac7608;\"><strong>She was very responsive to all of my questions!<\/strong><\/span><\/h6>\n<p style=\"text-align: justify;\">It was a pleasure working with attorney Oralia De Luna and her team! She was very responsive to all of my questions and did a great job of explaining everything to me so I completely understood the process. She is very knowledgeable, professional, and all of her work was done in a timely manner. There was never any confusion which made the process seem like a breeze. I was very satisfied with the results. Thank you so much for your help and I would highly recommend her!<\/p>\n<p style=\"text-align: right;\">~ KB B<\/p>\n<h6><span style=\"color: #ac7608;\"><strong>Highly recommend her services to friends\/family in a heartbeat!<\/strong><\/span><\/h6>\n<p style=\"text-align: justify;\">Absolutely no complaints about the process and working with this firm and Ms. Oralia De Luna. Exceptional service, very professional and a genuinely kind and caring personality &#8211; she&#8217;s very easy to talk to and keeps it very simple. Would highly recommend her services to friends\/family in a heartbeat!<\/p>\n<p style=\"text-align: right;\">~ Bansari Moffe<\/p>\n<h6><span style=\"color: #ac7608;\"><strong>Nothing less than exceptional!<\/strong><\/span><\/h6>\n<p style=\"text-align: justify;\">My experience with De Luna Law Firm was both pleasant and rewarding. Ms. De Luna and her staff conducted themselves in a most professional manner and provided excellent customer service. Ms. De Luna&#8217;s expertise in immigration law is nothing less than exceptional. She provided my family with precise and timely law advice which resulted in the successful acquisition of a family member&#8217;s green card. Ms. De Luna was understanding of our particular circumstance and was both caring and compassionate. My family will be eternally grateful for the opportunity to finally be united in this great country. Thank you, Ms. De Luna, for what you do for all of us that are in desperate need of your guidance.<\/p>\n<p style=\"text-align: right;\">~ Pat Doria<\/p>\n<h6><span style=\"color: #ac7608;\"><strong>Completa confianza!<\/strong><\/span><\/h6>\n<p>Profesional y eficiente. Completa confianza en su trabajo!!\u00a0 \u00a0 \u00a0 \u00a0 \u00a0 \u00a0 \u00a0 \u00a0 \u00a0 \u00a0 \u00a0 \u00a0 ~\u201cTato\u201d Henriquez, Latin Grammy Winner<\/p>\n<h6><span style=\"color: #ac7608;\"><strong>Excellent Lawyer<\/strong><\/span><\/h6>\n<p>Excellent lawyer very helpful. she is really clear and try her best to help you solve your situation.\u00a0 \u00a0 \u00a0 \u00a0 \u00a0 \u00a0 \u00a0 \u00a0 \u00a0 \u00a0 \u00a0~ Ray Kumerrow<\/p>\n<h6><span style=\"color: #ac7608;\"><strong>Te recomendaremos siempre!!!!<\/strong><\/span><\/h6>\n<p style=\"text-align: justify;\">El profesionalismo y su amabilidad es lo que caracteriza ha la Lic . Oralia de Luna. Es para nosotros un honor establecer lazos fraternales de casos De Migracion. Felicidades amiga por su Pasi\u00f3n y su buen desempe\u00f1o en casos que nadie hab\u00eda podido ganar! Es sin duda una de las Caracter\u00edsticas m\u00e1s importantes su Disciplina y su tenacidad por lograr el Sue\u00f1o americano de cada familia Migrante en el Exterior. Te recomend\u00e1remos siempre !!!! Dios Prospere su lucha<br \/>\nY sus mejor esfuerzos.<\/p>\n<p style=\"text-align: right;\">~ Kathrine Polston y fam.<\/p>\n<h6><span style=\"color: #ac7608;\"><strong>She will always keep the clients\u2019 best interest in mind.<\/strong><\/span><\/h6>\n<p style=\"text-align: justify;\">Attorney Oralia De Luna and her staff were very responsive to my case needs. You explained everything as we went along, and I got letters all the time letting me know what was going on. Again, I want to thank all of you. Some lawyers advertising immigration services are difficult to reach directly. People who really need help do not always receive the services their situations require. You will not have those problems when you turn to attorney Oralia De Luna.<br \/>\nYou receive straight answers from her \u00a0without false or empty promises. Whatever your cultural background and whatever specific immigration concerns you are facing, she will always keep the clients\u2019 best interests in mind. \u00a0If I would recommend any law office, it would be yours. \u00a0\u00a0\u00a0\u00a0\u00a0\u00a0\u00a0\u00a0\u00a0\u00a0\u00a0\u00a0\u00a0\u00a0\u00a0Thank you so much.<\/p>\n<p style=\"text-align: right;\">~ Monica Crawford &amp; family<\/p>\n<h6><span style=\"color: #ac7608;\"><strong>Recomiendo Altamente sus servicios!<\/strong><\/span><\/h6>\n<p style=\"text-align: justify;\">Mi experiencia con Oralia de Luna fue excelente, es una abogada muy preparada con muchos a\u00f1os de experiencia y por eso la escogi y confie en ella para sacar mi ciudadania. Todo el servicio desde las citas, las llamadas por telefono y correos contestados para las miles de dudas contestadas, la amabilidad y su trabajo etico hace que yo recomiende altamente sus servicios! Para cuando menos lo esperaba, ya estoy feliz con mi ciudadania :)!!<\/p>\n<p style=\"text-align: right;\">~Daniela Garza<\/p>\n<h6><span style=\"color: #ac7608;\"><strong>Will get the job done!!<\/strong><\/span><\/h6>\n<p>She&#8217;s the one who will get the job done!! They will do what&#8217;s necessary for you&#8230;\u00a0 \u00a0 \u00a0 \u00a0 \u00a0 \u00a0 ~ Yraci Huerta<\/p>\n<h6><span style=\"color: #ac7608;\"><strong>Disfrutando de mi tranquilidad!<\/strong><\/span><\/h6>\n<p style=\"text-align: justify;\">Hola! Despues de entrvistarme con diferentes Abogados tome la decisi\u00f3n de que mi caso lo llevara la Abogada de Luna. En ella encontr\u00e9 profesionalismo, honestidad y confianza. Le agradezco sus atenciones porque gracias a ella estoy en este pa\u00eds legalmente disfrutando de mi tranquilidad! La recomiendo ampliamente. Es una excelente Abogada. Gracias\u00a0 Abogada Oralia de Luna.<\/p>\n<p style=\"text-align: right;\">~ Tere Barron<\/p>\n<h6><span style=\"color: #ac7608;\"><strong>Excellent Service!<\/strong><\/span><\/h6>\n<p style=\"text-align: justify;\">Excellent service, very professional and attentive. I had a really good experience having Mrs. De Luna as my immigration lawyer and definitely, I will recommend their services to anyone that needs assistance in this matter.<\/p>\n<p style=\"text-align: right;\">~ Tricia Nino<\/p>\n<h6><span style=\"color: #ac7608;\"><strong>Es alucinante!! <\/strong><\/span><\/h6>\n<p style=\"text-align: justify;\">La abogada es muy profesional y sabe su trabajo. Ella te guia por todo el proceso, esta a tu lado y esta al tanto de todo. Gracias a Dios aprobaron a mi mam\u00e1 para su residencia y fue todo gracias a ella!! Ella es alucinante (She is amazing)!! \u00a0La recomiendo 100\/100!!<\/p>\n<p style=\"text-align: right;\">~ K Mora<\/p>\n<h6><span style=\"color: #ac7608;\"><strong>You feel confident with the whole process!<\/strong><\/span><\/h6>\n<p>Very nice, knowledgeable, friendly, willing to help and answer all of your questions, so you feel confident with the whole process.<\/p>\n<p style=\"text-align: right;\">~ Vicente Silva<\/p>\n<h6><span style=\"color: #ac7608;\"><strong>Look no further!<\/strong><\/span><\/h6>\n<p style=\"text-align: justify;\">I am so thankful that I had Oralia De Luna as my attorney. She listened, always maintained communication and made a very stressful time seamless for me. \u00a0She always responded promptly to my questions. I highly recommend her to anyone in need of a top notch attorney. \u00a0From the initial consultation to discuss my case, to gathering all the necessary documents, to filling all appropriate forms, to preparing me for the USCIS interview, \u00a0Attorney Oralia De Luna impressed me with her professionalism, vast knowledge, and her commitment to my immigration case.<\/p>\n<p style=\"text-align: justify;\">She and her team were incredibly human, knowledgeable and responsive throughout the process by patiently explaining all details and taking the stress off my shoulders. I thank them endlessly for that !!!!!!! \u00a0Her fees were extremely reasonable, and she even flew for the immigration interview, making it evident that she honestly cared about my situation. I can truly say that she does this work from her heart to help people. For those of You still looking for legal advice on immigration, I say look no further! I highly recommend De Luna Law Offices.<\/p>\n<p style=\"text-align: right;\">~ Gerardo Garza<\/p>\n<\/div><\/div><\/div><style type=\"text\/css\">.fusion-body .fusion-builder-column-0{width:100% !important;margin-top : 0px;margin-bottom : 20px;}.fusion-builder-column-0 > .fusion-column-wrapper {padding-top : 0px !important;padding-right : 0px !important;margin-right : 1.92%;padding-bottom : 0px !important;padding-left : 0px !important;margin-left : 1.92%;}@media only screen and (max-width:1024px) {.fusion-body .fusion-builder-column-0{width:100% !important;order : 0;}.fusion-builder-column-0 > .fusion-column-wrapper {margin-right : 1.92%;margin-left : 1.92%;}}@media only screen and (max-width:640px) {.fusion-body .fusion-builder-column-0{width:100% !important;order : 0;}.fusion-builder-column-0 > .fusion-column-wrapper {margin-right : 1.92%;margin-left : 1.92%;}}<\/style><\/div><style type=\"text\/css\">.fusion-body .fusion-flex-container.fusion-builder-row-1{ padding-top : 0px;margin-top : 0px;padding-right : 0px;padding-bottom : 0px;margin-bottom : 0px;padding-left : 0px;}<\/style><\/div>\n","protected":false},"excerpt":{"rendered":"","protected":false},"author":1,"featured_media":0,"parent":0,"menu_order":0,"comment_status":"closed","ping_status":"closed","template":"","meta":[],"_links":{"self":[{"href":"https:\/\/www.delunafirm.com\/es\/wp-json\/wp\/v2\/pages\/390"}],"collection":[{"href":"https:\/\/www.delunafirm.com\/es\/wp-json\/wp\/v2\/pages"}],"about":[{"href":"https:\/\/www.delunafirm.com\/es\/wp-json\/wp\/v2\/types\/page"}],"author":[{"embeddable":true,"href":"https:\/\/www.delunafirm.com\/es\/wp-json\/wp\/v2\/users\/1"}],"replies":[{"embeddable":true,"href":"https:\/\/www.delunafirm.com\/es\/wp-json\/wp\/v2\/comments?post=390"}],"version-history":[{"count":3,"href":"https:\/\/www.delunafirm.com\/es\/wp-json\/wp\/v2\/pages\/390\/revisions"}],"predecessor-version":[{"id":686,"href":"https:\/\/www.delunafirm.com\/es\/wp-json\/wp\/v2\/pages\/390\/revisions\/686"}],"wp:attachment":[{"href":"https:\/\/www.delunafirm.com\/es\/wp-json\/wp\/v2\/media?parent=390"}],"curies":[{"name":"wp","href":"https:\/\/api.w.org\/{rel}","templated":true}]}}